{"id":25985947,"date":"2024-05-21T20:41:21","date_gmt":"2024-05-21T18:41:21","guid":{"rendered":"https:\/\/orkidekueman.com\/yayinci-bilgileri\/"},"modified":"2025-08-25T12:17:10","modified_gmt":"2025-08-25T10:17:10","slug":"yayinci-bilgileri","status":"publish","type":"page","link":"https:\/\/orkidekueman.com\/tr\/yayinci-bilgileri\/","title":{"rendered":"Yay\u0131nc\u0131 Bilgileri"},"content":{"rendered":"<p>[et_pb_section fb_built=&#8221;1&#8243; custom_padding_last_edited=&#8221;on|phone&#8221; next_background_color=&#8221;#ffffff&#8221; admin_label=&#8221;Home &#8211; Leistungen&#8221; _builder_version=&#8221;4.27.4&#8243; _module_preset=&#8221;default&#8221; use_background_color_gradient=&#8221;on&#8221; background_color_gradient_direction=&#8221;91deg&#8221; background_color_gradient_stops=&#8221;rgba(0,0,0,0.78) 0%|rgba(0,0,0,0.14) 100%&#8221; background_color_gradient_overlays_image=&#8221;on&#8221; background_image=&#8221;https:\/\/orkidekueman.com\/wp-content\/uploads\/2025\/07\/pexels-timmossholder-1439227-1.jpg&#8221; width_last_edited=&#8221;off|phone&#8221; custom_margin=&#8221;||||true&#8221; custom_padding=&#8221;61px|20px|86px|20px|false|true&#8221; custom_padding_tablet=&#8221;54px||33px|40px|false|false&#8221; custom_padding_phone=&#8221;14px|10px|14px|10px|true|true&#8221; top_divider_flip=&#8221;horizontal&#8221; bottom_divider_style=&#8221;slant&#8221; bottom_divider_flip=&#8221;horizontal&#8221; bottom_divider_style_tablet=&#8221;slant&#8221; bottom_divider_style_phone=&#8221;none&#8221; bottom_divider_style_last_edited=&#8221;on|phone&#8221; background_last_edited=&#8221;on|phone&#8221; use_background_color_gradient_phone=&#8221;on&#8221; background_color_gradient_direction_phone=&#8221;150deg&#8221; background_color_gradient_stops_phone=&#8221;gcid-1a567c06-2f0e-4598-ac2f-18f083739c29 0%|rgba(0,0,0,0.73) 100%&#8221; background_image_phone=&#8221;https:\/\/gollmer.ewisdo-preview.de\/wp-content\/uploads\/2024\/08\/9e16032982fca8cb16c3d6d25001505f1ba1d182.jpeg&#8221; background_enable_image_phone=&#8221;on&#8221; locked=&#8221;off&#8221; global_colors_info=&#8221;{%22gcid-1a567c06-2f0e-4598-ac2f-18f083739c29%22:%91%22background_color_gradient_stops%22%93}&#8221;][et_pb_row _builder_version=&#8221;4.24.2&#8243; _module_preset=&#8221;default&#8221; width=&#8221;100%&#8221; custom_padding=&#8221;34px||34px||true|&#8221; global_colors_info=&#8221;{}&#8221;][et_pb_column type=&#8221;4_4&#8243; _builder_version=&#8221;4.21.2&#8243; _module_preset=&#8221;default&#8221; global_colors_info=&#8221;{}&#8221;][et_pb_text _builder_version=&#8221;4.27.4&#8243; _module_preset=&#8221;default&#8221; text_font=&#8221;&#8211;et_global_heading_font||||||||&#8221; text_text_color=&#8221;#FFFFFF&#8221; text_font_size=&#8221;40px&#8221; text_line_height=&#8221;1em&#8221; custom_margin=&#8221;||35px||false|false&#8221; custom_padding=&#8221;22px|||||&#8221; text_font_size_tablet=&#8221;40px&#8221; text_font_size_phone=&#8221;28px&#8221; text_font_size_last_edited=&#8221;on|phone&#8221; text_orientation_tablet=&#8221;&#8221; text_orientation_phone=&#8221;center&#8221; text_orientation_last_edited=&#8221;on|desktop&#8221; global_colors_info=&#8221;{}&#8221;]<\/p>\n<p>Yay\u0131nc\u0131 Bilgileri<\/p>\n<p>[\/et_pb_text][et_pb_divider color=&#8221;#FFFFFF&#8221; divider_weight=&#8221;2px&#8221; _builder_version=&#8221;4.24.2&#8243; _module_preset=&#8221;default&#8221; width=&#8221;13%&#8221; module_alignment=&#8221;left&#8221; custom_padding=&#8221;||0px||false|false&#8221; module_alignment_tablet=&#8221;&#8221; module_alignment_phone=&#8221;center&#8221; module_alignment_last_edited=&#8221;on|desktop&#8221; global_colors_info=&#8221;{}&#8221;][\/et_pb_divider][\/et_pb_column][\/et_pb_row][\/et_pb_section][et_pb_section fb_built=&#8221;1&#8243; custom_padding_last_edited=&#8221;on|phone&#8221; admin_label=&#8221;section&#8221; _builder_version=&#8221;4.27.4&#8243; background_enable_color=&#8221;off&#8221; background_enable_image=&#8221;off&#8221; parallax=&#8221;on&#8221; custom_padding=&#8221;|20px|102px|20px|false|true&#8221; custom_padding_tablet=&#8221;|40px||40px|false|true&#8221; custom_padding_phone=&#8221;34px|20px||20px|false|true&#8221; locked=&#8221;off&#8221; global_colors_info=&#8221;{}&#8221;][et_pb_row admin_label=&#8221;row&#8221; _builder_version=&#8221;4.24.2&#8243; background_size=&#8221;initial&#8221; background_position=&#8221;top_left&#8221; background_repeat=&#8221;repeat&#8221; width=&#8221;100%&#8221; width_tablet=&#8221;100%&#8221; width_phone=&#8221;100%&#8221; width_last_edited=&#8221;on|phone&#8221; global_colors_info=&#8221;{}&#8221;][et_pb_column type=&#8221;4_4&#8243; _builder_version=&#8221;4.16&#8243; custom_padding=&#8221;|||&#8221; global_colors_info=&#8221;{}&#8221; custom_padding__hover=&#8221;|||&#8221;][et_pb_text admin_label=&#8221;Text&#8221; _builder_version=&#8221;4.27.4&#8243; text_font=&#8221;&#8211;et_global_heading_font|300|||||||&#8221; text_text_color=&#8221;gcid-heading-color&#8221; text_font_size=&#8221;16px&#8221; text_line_height=&#8221;1.5em&#8221; link_text_color=&#8221;gcid-primary-color&#8221; background_size=&#8221;initial&#8221; background_position=&#8221;top_left&#8221; background_repeat=&#8221;repeat&#8221; text_orientation_tablet=&#8221;&#8221; text_orientation_phone=&#8221;justified&#8221; text_orientation_last_edited=&#8221;on|phone&#8221; global_colors_info=&#8221;{%22gcid-primary-color%22:%91%22link_text_color%22%93,%22gcid-heading-color%22:%91%22text_text_color%22%93}&#8221;]<\/p>\n<p><span style=\"font-size: x-large;\"><strong>Seitenbetreiber<\/strong><\/span><\/p>\n<p><\/p>\n<p>ORKIDE<br \/>Orkide K\u00fcman<\/p>\n<p><\/p>\n<p>Pr\u00e4lat-Goebel-Str. 8 <br \/>66386 St. Ingbert<br \/><span style=\"color: #0a0000;\">Deutschland<\/span><br \/><span style=\"color: #0a0000;\">E-Mail: <a href=\"mailto:info@orkidekueman.com\" style=\"color: #0a0000;\">info@orkidekueman.com<\/a><\/span><br \/><span style=\"color: #0a0000;\">Tel.: +49 (0) 170 730 9798\u00a0<\/span><\/p>\n<p><\/p>\n<p><span style=\"font-size: x-large; color: #0a0000;\"><strong><\/strong><\/span><\/p>\n<p><\/p>\n<p><span style=\"font-size: x-large; color: #0a0000;\"><strong><\/strong><\/span><\/p>\n<p><\/p>\n<p><span style=\"font-size: x-large; color: #0a0000;\"><strong><\/strong><\/span><\/p>\n<p><\/p>\n<p><span style=\"font-size: x-large; color: #0a0000;\"><strong>Umsatzsteuer-Identifikationsnummer gem\u00e4\u00df \u00a7 27 a Umsatzsteuergesetz<\/strong><\/span><\/p>\n<p><\/p>\n<p><span style=\"color: #0a0000;\">DE369223306<\/span><\/p>\n<p><\/p>\n<p><span style=\"color: #0a0000;\">\u00a0<\/span><\/p>\n<p><\/p>\n<p><span style=\"color: #0a0000;\"><span style=\"font-size: x-large;\"><strong>Inhaltlich Verantwortlicher<\/strong><\/span><span style=\"font-size: x-large;\"><strong><\/strong><\/span><\/span><\/p>\n<p><\/p>\n<p><span style=\"color: #0a0000;\">Orkide K\u00fcman<\/span><br \/>(Anschrift wie oben)<\/p>\n<p><\/p>\n<p><span style=\"font-size: x-large;\"><strong><\/strong><\/span><\/p>\n<p><\/p>\n<p><span style=\"font-size: x-large;\"><strong><\/strong><\/span><\/p>\n<p><\/p>\n<p><span style=\"font-size: x-large;\"><strong><\/strong><\/span><span style=\"font-size: x-large;\"><strong><\/strong><\/span><span style=\"font-size: x-large;\"><strong>Informationen zur Online-Streitbeilegung<\/strong><\/span><\/p>\n<p><\/p>\n<p>Die Europ\u00e4ische Kommission stellt eine Plattform zur Online-Streitbeilegung (OS) bereit. Diese Plattform finden Sie unter folgendem Link: <a href=\"https:\/\/ec.europa.eu\/consumers\/odr\/\" rel=\"noopener\">https:\/\/ec.europa.eu\/consumers\/odr\/<\/a>. Verbraucher k\u00f6nnen diese Plattform nutzen, um ihre Streitigkeiten aus Online-Vertr\u00e4gen beizulegen.<\/p>\n<p><\/p>\n<p><span style=\"font-size: x-large;\"><strong><\/strong><\/span><\/p>\n<p><\/p>\n<p><span style=\"font-size: x-large;\"><strong>Hinweis gem\u00e4\u00df \u00a7 36 VSBG<\/strong><\/span><\/p>\n<p><\/p>\n<p>Wir werden nicht an alternativen Streitschlichtungsverfahren im Sinne des \u00a7 36 VSBG teilnehmen. Die Nutzung einer alternativen Schlichtungsstelle stellt keine zwingende Voraussetzung R\u00fcr das Anrufen zust\u00e4ndiger ordentlicher Gerichte dar.<\/p>\n<p><\/p>\n<p><span style=\"font-size: x-large;\"><strong><\/strong><\/span><\/p>\n<p><\/p>\n<p><span style=\"font-size: x-large;\"><strong>Urheberrechte und Bildnachweise<\/strong><\/span><\/p>\n<p><\/p>\n<p>Die Inhalte dieser Website sind \u2013 soweit nicht abweichend angegeben \u2013 urheberrechtlich gesch\u00fctzt. Verwendete Fotografien sind ggf. mit Bildnachweisen gekennzeichnet oder unten aufgef\u00fchrt, soweit sie nicht selbst angefertigt wurden.<br \/>Die Verwendung von Fotografien auf Drittseiten ist nur im Rahmen der jeweiligen Lizenz der Urheber m\u00f6glich.<\/p>\n<p><\/p>\n<p>&nbsp;<\/p>\n<p><\/p>\n<p>Bildnachweis:<br \/>Die auf dieser Website verwendeten Fotos von mir stammen von Jasmin Sch\u00f6nfelder und Sophia Grabner Fotografie.<br \/>\u00a9 Sophia Grabner Fotografie \u2013 <a href=\"www.sophia-grabner-fotografie.at\">www.sophia-grabner-fotografie.at<\/a><\/p>\n<p><\/p>\n<p>&nbsp;<\/p>\n<p><\/p>\n<p><span style=\"font-size: x-large;\"><strong><\/strong><\/span><\/p>\n<p>[\/et_pb_text][\/et_pb_column][\/et_pb_row][\/et_pb_section]<\/p>\n","protected":false},"excerpt":{"rendered":"<p>Yay\u0131nc\u0131 BilgileriSeitenbetreiberORKIDEOrkide K\u00fcmanPr\u00e4lat-Goebel-Str. 8 66386 St. IngbertDeutschlandE-Mail: info@orkidekueman.comTel.: +49 (0) 170 730 9798\u00a0Umsatzsteuer-Identifikationsnummer gem\u00e4\u00df \u00a7 27 a UmsatzsteuergesetzDE369223306\u00a0Inhaltlich VerantwortlicherOrkide K\u00fcman(Anschrift wie oben)Informationen zur Online-StreitbeilegungDie Europ\u00e4ische Kommission stellt eine Plattform zur Online-Streitbeilegung (OS) bereit. Diese Plattform finden Sie unter folgendem Link: https:\/\/ec.europa.eu\/consumers\/odr\/. Verbraucher k\u00f6nnen diese Plattform nutzen, um ihre Streitigkeiten aus Online-Vertr\u00e4gen beizulegen.Hinweis gem\u00e4\u00df \u00a7 36 [&hellip;]<\/p>\n","protected":false},"author":1,"featured_media":0,"parent":0,"menu_order":11,"comment_status":"closed","ping_status":"closed","template":"","meta":{"_et_pb_use_builder":"on","_et_pb_old_content":"","_et_gb_content_width":"","footnotes":""},"dipi_cpt_category":[],"class_list":["post-25985947","page","type-page","status-publish","hentry"],"_links":{"self":[{"href":"https:\/\/orkidekueman.com\/tr\/wp-json\/wp\/v2\/pages\/25985947","targetHints":{"allow":["GET"]}}],"collection":[{"href":"https:\/\/orkidekueman.com\/tr\/wp-json\/wp\/v2\/pages"}],"about":[{"href":"https:\/\/orkidekueman.com\/tr\/wp-json\/wp\/v2\/types\/page"}],"author":[{"embeddable":true,"href":"https:\/\/orkidekueman.com\/tr\/wp-json\/wp\/v2\/users\/1"}],"replies":[{"embeddable":true,"href":"https:\/\/orkidekueman.com\/tr\/wp-json\/wp\/v2\/comments?post=25985947"}],"version-history":[{"count":5,"href":"https:\/\/orkidekueman.com\/tr\/wp-json\/wp\/v2\/pages\/25985947\/revisions"}],"predecessor-version":[{"id":25985955,"href":"https:\/\/orkidekueman.com\/tr\/wp-json\/wp\/v2\/pages\/25985947\/revisions\/25985955"}],"wp:attachment":[{"href":"https:\/\/orkidekueman.com\/tr\/wp-json\/wp\/v2\/media?parent=25985947"}],"wp:term":[{"taxonomy":"dipi_cpt_category","embeddable":true,"href":"https:\/\/orkidekueman.com\/tr\/wp-json\/wp\/v2\/dipi_cpt_category?post=25985947"}],"curies":[{"name":"wp","href":"https:\/\/api.w.org\/{rel}","templated":true}]}}